{"id":1083,"date":"2024-09-09T20:42:42","date_gmt":"2024-09-09T20:42:42","guid":{"rendered":"https:\/\/saia.com.ar\/aquaplant\/about-us\/"},"modified":"2025-02-28T19:30:40","modified_gmt":"2025-02-28T19:30:40","slug":"about-us","status":"publish","type":"page","link":"https:\/\/saia.com.ar\/aquaplant\/about-us\/","title":{"rendered":"About Us"},"content":{"rendered":"\t\t<div data-elementor-type=\"wp-post\" data-elementor-id=\"1083\" class=\"elementor elementor-1083\">\n\t\t\t\t<div class=\"elementor-element elementor-element-382155f e-flex e-con-boxed e-con e-parent\" data-id=\"382155f\" data-element_type=\"container\" data-e-type=\"container\" data-settings=\"{&quot;background_background&quot;:&quot;classic&quot;}\">\n\t\t\t\t\t<div class=\"e-con-inner\">\n\t\t<div class=\"elementor-element elementor-element-0d2fdfe e-con-full e-flex e-con e-child\" data-id=\"0d2fdfe\" data-element_type=\"container\" data-e-type=\"container\">\n\t\t\t\t<div class=\"elementor-element elementor-element-b1c7270 elementor-widget elementor-widget-heading\" data-id=\"b1c7270\" data-element_type=\"widget\" data-e-type=\"widget\" data-widget_type=\"heading.default\">\n\t\t\t\t<div class=\"elementor-widget-container\">\n\t\t\t\t\t<h1 class=\"elementor-heading-title elementor-size-default\">Sobre nosotros<\/h1>\t\t\t\t<\/div>\n\t\t\t\t<\/div>\n\t\t\t\t<\/div>\n\t\t\t\t\t<\/div>\n\t\t\t\t<\/div>\n\t\t<div class=\"elementor-element elementor-element-240c3d6 e-flex e-con-boxed e-con e-parent\" data-id=\"240c3d6\" data-element_type=\"container\" data-e-type=\"container\">\n\t\t\t\t\t<div class=\"e-con-inner\">\n\t\t<div class=\"elementor-element elementor-element-861d6c4 e-con-full e-flex e-con e-child\" data-id=\"861d6c4\" data-element_type=\"container\" data-e-type=\"container\">\n\t\t\t\t<div class=\"elementor-element elementor-element-af8ca01 elementor-widget elementor-widget-heading\" data-id=\"af8ca01\" data-element_type=\"widget\" data-e-type=\"widget\" data-widget_type=\"heading.default\">\n\t\t\t\t<div class=\"elementor-widget-container\">\n\t\t\t\t\t<h3 class=\"elementor-heading-title elementor-size-default\">Le ofrecemos plantas de la mejor calidad y precio<\/h3>\t\t\t\t<\/div>\n\t\t\t\t<\/div>\n\t\t\t\t<\/div>\n\t\t<div class=\"elementor-element elementor-element-0420ce5 e-con-full e-flex e-con e-child\" data-id=\"0420ce5\" data-element_type=\"container\" data-e-type=\"container\">\n\t\t\t\t<div class=\"elementor-element elementor-element-134fb17 elementor-widget elementor-widget-text-editor\" data-id=\"134fb17\" data-element_type=\"widget\" data-e-type=\"widget\" data-widget_type=\"text-editor.default\">\n\t\t\t\t<div class=\"elementor-widget-container\">\n\t\t\t\t\t\t\t\t\t<p>Una (PYME) familiar dedicada a producir plantas naturales de una excelente calidad,<br \/>para acuarios plantados, con una amplia experiencia en el tema,<br \/>donde se puede disfrutar de acuarios especialmente dise\u00f1ados y montados<br \/>para mostrar la acuariofilia natural, cada acuario intenta recrear un espacio<br \/>de la naturaleza, de este apasionado hobyy.<\/p>\t\t\t\t\t\t\t\t<\/div>\n\t\t\t\t<\/div>\n\t\t\t\t<\/div>\n\t\t\t\t\t<\/div>\n\t\t\t\t<\/div>\n\t\t<div class=\"elementor-element elementor-element-7fa6b4b e-flex e-con-boxed e-con e-parent\" data-id=\"7fa6b4b\" data-element_type=\"container\" data-e-type=\"container\">\n\t\t\t\t\t<div class=\"e-con-inner\">\n\t\t<div class=\"elementor-element elementor-element-5d20b3e e-con-full e-flex e-con e-child\" data-id=\"5d20b3e\" data-element_type=\"container\" data-e-type=\"container\">\n\t\t\t\t<div class=\"elementor-element elementor-element-bfcc4d3 elementor-widget elementor-widget-heading\" data-id=\"bfcc4d3\" data-element_type=\"widget\" data-e-type=\"widget\" data-widget_type=\"heading.default\">\n\t\t\t\t<div class=\"elementor-widget-container\">\n\t\t\t\t\t<h3 class=\"elementor-heading-title elementor-size-default\">Preguntas Frecuentes<\/h3>\t\t\t\t<\/div>\n\t\t\t\t<\/div>\n\t\t\t\t<\/div>\n\t\t<div class=\"elementor-element elementor-element-0d45edd e-con-full e-flex e-con e-child\" data-id=\"0d45edd\" data-element_type=\"container\" data-e-type=\"container\">\n\t\t\t\t<div class=\"elementor-element elementor-element-40a2d5e elementor-widget elementor-widget-text-editor\" data-id=\"40a2d5e\" data-element_type=\"widget\" data-e-type=\"widget\" data-widget_type=\"text-editor.default\">\n\t\t\t\t<div class=\"elementor-widget-container\">\n\t\t\t\t\t\t\t\t\t<p>Vendemos plantas en nuestro sitio web. https:\/\/saia.com.ar\/aquaplant\/ No nos hacemos responsables de ninguna transacci\u00f3n realizada fuera de nuestra tienda o nuestro sitio web. \u00a1Realice su compra \u00fanicamente a trav\u00e9s de nuestro sitio web! No tenemos cuentas en, Facebook, Instagram ni ninguna otra plataforma en l\u00ednea, los clientes son responsables de identificar cualquier posible estafa en estas plataformas.<\/p><p>Retiro del local: si desea retirar su pedido en el local comuniquese y programe la hora con nosotros por Whatsapp o e-mail, recibir\u00e1 un mensaje de texto confirmando fecha y hora adjunte una lista de los art\u00edculos que desea pedir y pague su pedido cuando lo retire.<\/p><p>NO env\u00ede dinero en efectivo antes de retirar su pedido, excepto si realiza un pedido en l\u00ednea. No solicitamos al cliente que pague por adelantado.<\/p><p>Horario de entrega:<\/p><p>Lunes, a viernes, de 9:30 a 12 hs. y de 13:30 a 18 hs. s\u00e1bados hasta las 12 hs. cont\u00e1ctenos, utilice la p\u00e1gina para enviarnos un correos electr\u00f3nicos o mensajes, por Whatsapp.<\/p><p>Envio de plantas:<br \/>Si las plantas est\u00e1n deterioradas o muertas\/enfermas (significativamente deterioradas) o da\u00f1adas al llegar, tome fotograf\u00edas claras junto con el paquete que muestren la etiqueta de env\u00edo y env\u00edemelas para obtener un reembolso o un reemplazo.<br \/>Todas las solicitudes deben enviarse el mismo d\u00eda de la entrega con fotograf\u00edas de la planta que recibi\u00f3.<br \/>Comun\u00edquese con nosotros si tiene alg\u00fan problema con su pedido.<\/p>\t\t\t\t\t\t\t\t<\/div>\n\t\t\t\t<\/div>\n\t\t\t\t<\/div>\n\t\t\t\t\t<\/div>\n\t\t\t\t<\/div>\n\t\t<div class=\"elementor-element elementor-element-c7bafd9 e-flex e-con-boxed e-con e-parent\" data-id=\"c7bafd9\" data-element_type=\"container\" data-e-type=\"container\" data-settings=\"{&quot;background_background&quot;:&quot;classic&quot;}\">\n\t\t\t\t\t<div class=\"e-con-inner\">\n\t\t<div class=\"elementor-element elementor-element-dd6a178 e-con-full e-flex e-con e-child\" data-id=\"dd6a178\" data-element_type=\"container\" data-e-type=\"container\">\n\t\t\t\t<div class=\"elementor-element elementor-element-cb9a59a elementor-widget elementor-widget-heading\" data-id=\"cb9a59a\" data-element_type=\"widget\" data-e-type=\"widget\" data-widget_type=\"heading.default\">\n\t\t\t\t<div class=\"elementor-widget-container\">\n\t\t\t\t\t<h2 class=\"elementor-heading-title elementor-size-default\">Algunos de Nuestros Acuarios<\/h2>\t\t\t\t<\/div>\n\t\t\t\t<\/div>\n\t\t\t\t<div class=\"elementor-element elementor-element-ec73f21 elementor-widget elementor-widget-image\" data-id=\"ec73f21\" data-element_type=\"widget\" data-e-type=\"widget\" data-widget_type=\"image.default\">\n\t\t\t\t<div class=\"elementor-widget-container\">\n\t\t\t\t\t\t\t\t\t\t\t\t\t\t\t<img fetchpriority=\"high\" decoding=\"async\" width=\"2560\" height=\"1627\" src=\"https:\/\/saia.com.ar\/aquaplant\/wp-content\/uploads\/2024\/09\/acuarios-pagina-scaled.jpg\" class=\"attachment-full size-full wp-image-2172\" alt=\"\" srcset=\"https:\/\/saia.com.ar\/aquaplant\/wp-content\/uploads\/2024\/09\/acuarios-pagina-scaled.jpg 2560w, https:\/\/saia.com.ar\/aquaplant\/wp-content\/uploads\/2024\/09\/acuarios-pagina-300x191.jpg 300w, https:\/\/saia.com.ar\/aquaplant\/wp-content\/uploads\/2024\/09\/acuarios-pagina-1024x651.jpg 1024w, https:\/\/saia.com.ar\/aquaplant\/wp-content\/uploads\/2024\/09\/acuarios-pagina-768x488.jpg 768w, https:\/\/saia.com.ar\/aquaplant\/wp-content\/uploads\/2024\/09\/acuarios-pagina-1536x976.jpg 1536w, https:\/\/saia.com.ar\/aquaplant\/wp-content\/uploads\/2024\/09\/acuarios-pagina-2048x1302.jpg 2048w, https:\/\/saia.com.ar\/aquaplant\/wp-content\/uploads\/2024\/09\/acuarios-pagina-600x381.jpg 600w\" sizes=\"(max-width: 2560px) 100vw, 2560px\" \/>\t\t\t\t\t\t\t\t\t\t\t\t\t\t\t<\/div>\n\t\t\t\t<\/div>\n\t\t\t\t<\/div>\n\t\t\t\t\t<\/div>\n\t\t\t\t<\/div>\n\t\t<div class=\"elementor-element elementor-element-d740d93 e-flex e-con-boxed e-con e-parent\" data-id=\"d740d93\" data-element_type=\"container\" data-e-type=\"container\" data-settings=\"{&quot;background_background&quot;:&quot;classic&quot;}\">\n\t\t\t\t\t<div class=\"e-con-inner\">\n\t\t<div class=\"elementor-element elementor-element-81fa0ff e-con-full e-flex e-con e-child\" data-id=\"81fa0ff\" data-element_type=\"container\" data-e-type=\"container\">\n\t\t\t\t<div class=\"elementor-element elementor-element-300860c elementor-widget elementor-widget-heading\" data-id=\"300860c\" data-element_type=\"widget\" data-e-type=\"widget\" data-widget_type=\"heading.default\">\n\t\t\t\t<div class=\"elementor-widget-container\">\n\t\t\t\t\t<h2 class=\"elementor-heading-title elementor-size-default\">\u00bfTe interesa? \u00a1Compra esta colecci\u00f3n de plantas! <\/h2>\t\t\t\t<\/div>\n\t\t\t\t<\/div>\n\t\t\t\t<div class=\"elementor-element elementor-element-fe82dc4 elementor-mobile-align-center elementor-align-center elementor-widget elementor-widget-button\" data-id=\"fe82dc4\" data-element_type=\"widget\" data-e-type=\"widget\" data-widget_type=\"button.default\">\n\t\t\t\t<div class=\"elementor-widget-container\">\n\t\t\t\t\t\t\t\t\t<div class=\"elementor-button-wrapper\">\n\t\t\t\t\t<a class=\"elementor-button elementor-button-link elementor-size-md\" href=\"#\">\n\t\t\t\t\t\t<span class=\"elementor-button-content-wrapper\">\n\t\t\t\t\t\t\t\t\t<span class=\"elementor-button-text\">Ir a la tienda<\/span>\n\t\t\t\t\t<\/span>\n\t\t\t\t\t<\/a>\n\t\t\t\t<\/div>\n\t\t\t\t\t\t\t\t<\/div>\n\t\t\t\t<\/div>\n\t\t\t\t<\/div>\n\t\t\t\t\t<\/div>\n\t\t\t\t<\/div>\n\t\t<div class=\"elementor-element elementor-element-ddf4e00 e-flex e-con-boxed e-con e-parent\" data-id=\"ddf4e00\" data-element_type=\"container\" data-e-type=\"container\">\n\t\t\t\t\t<div class=\"e-con-inner\">\n\t\t\t\t\t<\/div>\n\t\t\t\t<\/div>\n\t\t\t\t<\/div>\n\t\t","protected":false},"excerpt":{"rendered":"<p>Sobre nosotros Le ofrecemos plantas de la mejor calidad y precio Una (PYME) familiar dedicada a producir plantas naturales de una excelente calidad,para acuarios plantados, con una amplia experiencia en el tema,donde se puede disfrutar de acuarios especialmente dise\u00f1ados y montadospara mostrar la acuariofilia natural, cada acuario intenta recrear un espaciode la naturaleza, de este [&hellip;]<\/p>\n","protected":false},"author":2,"featured_media":0,"parent":0,"menu_order":0,"comment_status":"closed","ping_status":"closed","template":"","meta":{"site-sidebar-layout":"no-sidebar","site-content-layout":"page-builder","ast-site-content-layout":"full-width-container","site-content-style":"unboxed","site-sidebar-style":"unboxed","ast-global-header-display":"","ast-banner-title-visibility":"","ast-main-header-display":"","ast-hfb-above-header-display":"","ast-hfb-below-header-display":"","ast-hfb-mobile-header-display":"","site-post-title":"disabled","ast-breadcrumbs-content":"","ast-featured-img":"disabled","footer-sml-layout":"","ast-disable-related-posts":"","theme-transparent-header-meta":"enabled","adv-header-id-meta":"","stick-header-meta":"","header-above-stick-meta":"","header-main-stick-meta":"","header-below-stick-meta":"","astra-migrate-meta-layouts":"set","ast-page-background-enabled":"default","ast-page-background-meta":{"desktop":{"background-color":"","background-image":"","background-repeat":"repeat","background-position":"center center","background-size":"auto","background-attachment":"scroll","background-type":"","background-media":"","overlay-type":"","overlay-color":"","overlay-opacity":"","overlay-gradient":""},"tablet":{"background-color":"","background-image":"","background-repeat":"repeat","background-position":"center center","background-size":"auto","background-attachment":"scroll","background-type":"","background-media":"","overlay-type":"","overlay-color":"","overlay-opacity":"","overlay-gradient":""},"mobile":{"background-color":"","background-image":"","background-repeat":"repeat","background-position":"center center","background-size":"auto","background-attachment":"scroll","background-type":"","background-media":"","overlay-type":"","overlay-color":"","overlay-opacity":"","overlay-gradient":""}},"ast-content-background-meta":{"desktop":{"background-color":"var(--ast-global-color-5)","background-image":"","background-repeat":"repeat","background-position":"center center","background-size":"auto","background-attachment":"scroll","background-type":"","background-media":"","overlay-type":"","overlay-color":"","overlay-opacity":"","overlay-gradient":""},"tablet":{"background-color":"var(--ast-global-color-5)","background-image":"","background-repeat":"repeat","background-position":"center center","background-size":"auto","background-attachment":"scroll","background-type":"","background-media":"","overlay-type":"","overlay-color":"","overlay-opacity":"","overlay-gradient":""},"mobile":{"background-color":"var(--ast-global-color-5)","background-image":"","background-repeat":"repeat","background-position":"center center","background-size":"auto","background-attachment":"scroll","background-type":"","background-media":"","overlay-type":"","overlay-color":"","overlay-opacity":"","overlay-gradient":""}},"footnotes":""},"class_list":["post-1083","page","type-page","status-publish","hentry"],"_links":{"self":[{"href":"https:\/\/saia.com.ar\/aquaplant\/wp-json\/wp\/v2\/pages\/1083","targetHints":{"allow":["GET"]}}],"collection":[{"href":"https:\/\/saia.com.ar\/aquaplant\/wp-json\/wp\/v2\/pages"}],"about":[{"href":"https:\/\/saia.com.ar\/aquaplant\/wp-json\/wp\/v2\/types\/page"}],"author":[{"embeddable":true,"href":"https:\/\/saia.com.ar\/aquaplant\/wp-json\/wp\/v2\/users\/2"}],"replies":[{"embeddable":true,"href":"https:\/\/saia.com.ar\/aquaplant\/wp-json\/wp\/v2\/comments?post=1083"}],"version-history":[{"count":58,"href":"https:\/\/saia.com.ar\/aquaplant\/wp-json\/wp\/v2\/pages\/1083\/revisions"}],"predecessor-version":[{"id":3080,"href":"https:\/\/saia.com.ar\/aquaplant\/wp-json\/wp\/v2\/pages\/1083\/revisions\/3080"}],"wp:attachment":[{"href":"https:\/\/saia.com.ar\/aquaplant\/wp-json\/wp\/v2\/media?parent=1083"}],"curies":[{"name":"wp","href":"https:\/\/api.w.org\/{rel}","templated":true}]}}