{"id":2187,"date":"2024-09-24T17:10:57","date_gmt":"2024-09-24T17:10:57","guid":{"rendered":"https:\/\/saia.com.ar\/aquaplant\/?post_type=product&#038;p=2187"},"modified":"2025-10-27T13:00:08","modified_gmt":"2025-10-27T13:00:08","slug":"dumbo-ear-guppy-red-flamingo-pareja","status":"publish","type":"product","link":"https:\/\/saia.com.ar\/aquaplant\/producto\/dumbo-ear-guppy-red-flamingo-pareja\/","title":{"rendered":"Dumbo Ear Guppy Red Mosaico (Pareja juvenil)"},"content":{"rendered":"<p>Nombre Com\u00fan: Guppy Orej\u00f3n<br \/>\nOrigen: Centroam\u00e9rica y el Amazonas Brasile\u00f1o<br \/>\nFamilia: Pertenece a los Poec\u00edlidos<br \/>\nTama\u00f1o: Los machos pueden alcanzar los 4cm, mientras que las hembras los 7cm.<br \/>\nTemperatura: Desde los 20\u00b0C a 27\u00b0C<br \/>\nPar\u00e1metros y Requerimientos B\u00e1sicos: Ph neutro<br \/>\ndureza elevada de 10\u00b0 a 20\u00b0dGH.<\/p>\n<p>La variedad \u201cOrej\u00f3n\u201d, se nos presenta tambi\u00e9n como \u201cDumbo\u201d, cuyas grandes aletas hace m\u00e1s llamativa la danza de su nado constante y vivaz, puesto que se encuentra en movimiento la mayor parte del tiempo, desplaz\u00e1ndose desde las zonas m\u00e1s altas a bajas del acuario, nadando amistosamente entre plantas y adornos,<br \/>\nReproducci\u00f3n: Siendo ovoviv\u00edparos prol\u00edficos, cuya madurez sexual se da a los pocos meses de nacimiento.<\/p>\n","protected":false},"excerpt":{"rendered":"<p>La variedad \u201cOrej\u00f3n\u201d, se nos presenta tambi\u00e9n como \u201cDumbo\u201d, cuyas grandes aletas hace m\u00e1s llamativa la danza de su nado constante y vivaz, pareja<\/p>\n","protected":false},"featured_media":2299,"comment_status":"open","ping_status":"closed","template":"","meta":{"site-sidebar-layout":"default","site-content-layout":"","ast-site-content-layout":"default","site-content-style":"default","site-sidebar-style":"default","ast-global-header-display":"","ast-banner-title-visibility":"","ast-main-header-display":"","ast-hfb-above-header-display":"","ast-hfb-below-header-display":"","ast-hfb-mobile-header-display":"","site-post-title":"","ast-breadcrumbs-content":"","ast-featured-img":"","footer-sml-layout":"","ast-disable-related-posts":"","theme-transparent-header-meta":"default","adv-header-id-meta":"","stick-header-meta":"","header-above-stick-meta":"","header-main-stick-meta":"","header-below-stick-meta":"","astra-migrate-meta-layouts":"set","ast-page-background-enabled":"default","ast-page-background-meta":{"desktop":{"background-color":"","background-image":"","background-repeat":"repeat","background-position":"center center","background-size":"auto","background-attachment":"scroll","background-type":"","background-media":"","overlay-type":"","overlay-color":"","overlay-opacity":"","overlay-gradient":""},"tablet":{"background-color":"","background-image":"","background-repeat":"repeat","background-position":"center center","background-size":"auto","background-attachment":"scroll","background-type":"","background-media":"","overlay-type":"","overlay-color":"","overlay-opacity":"","overlay-gradient":""},"mobile":{"background-color":"","background-image":"","background-repeat":"repeat","background-position":"center center","background-size":"auto","background-attachment":"scroll","background-type":"","background-media":"","overlay-type":"","overlay-color":"","overlay-opacity":"","overlay-gradient":""}},"ast-content-background-meta":{"desktop":{"background-color":"var(--ast-global-color-5)","background-image":"","background-repeat":"repeat","background-position":"center center","background-size":"auto","background-attachment":"scroll","background-type":"","background-media":"","overlay-type":"","overlay-color":"","overlay-opacity":"","overlay-gradient":""},"tablet":{"background-color":"var(--ast-global-color-5)","background-image":"","background-repeat":"repeat","background-position":"center center","background-size":"auto","background-attachment":"scroll","background-type":"","background-media":"","overlay-type":"","overlay-color":"","overlay-opacity":"","overlay-gradient":""},"mobile":{"background-color":"var(--ast-global-color-5)","background-image":"","background-repeat":"repeat","background-position":"center center","background-size":"auto","background-attachment":"scroll","background-type":"","background-media":"","overlay-type":"","overlay-color":"","overlay-opacity":"","overlay-gradient":""}}},"product_brand":[],"product_cat":[17],"product_tag":[],"class_list":{"0":"post-2187","1":"product","2":"type-product","3":"status-publish","4":"has-post-thumbnail","6":"product_cat-peces","7":"desktop-align-left","8":"tablet-align-left","9":"mobile-align-left","11":"first","12":"instock","13":"shipping-taxable","14":"purchasable","15":"product-type-simple"},"_links":{"self":[{"href":"https:\/\/saia.com.ar\/aquaplant\/wp-json\/wp\/v2\/product\/2187","targetHints":{"allow":["GET"]}}],"collection":[{"href":"https:\/\/saia.com.ar\/aquaplant\/wp-json\/wp\/v2\/product"}],"about":[{"href":"https:\/\/saia.com.ar\/aquaplant\/wp-json\/wp\/v2\/types\/product"}],"replies":[{"embeddable":true,"href":"https:\/\/saia.com.ar\/aquaplant\/wp-json\/wp\/v2\/comments?post=2187"}],"wp:featuredmedia":[{"embeddable":true,"href":"https:\/\/saia.com.ar\/aquaplant\/wp-json\/wp\/v2\/media\/2299"}],"wp:attachment":[{"href":"https:\/\/saia.com.ar\/aquaplant\/wp-json\/wp\/v2\/media?parent=2187"}],"wp:term":[{"taxonomy":"product_brand","embeddable":true,"href":"https:\/\/saia.com.ar\/aquaplant\/wp-json\/wp\/v2\/product_brand?post=2187"},{"taxonomy":"product_cat","embeddable":true,"href":"https:\/\/saia.com.ar\/aquaplant\/wp-json\/wp\/v2\/product_cat?post=2187"},{"taxonomy":"product_tag","embeddable":true,"href":"https:\/\/saia.com.ar\/aquaplant\/wp-json\/wp\/v2\/product_tag?post=2187"}],"curies":[{"name":"wp","href":"https:\/\/api.w.org\/{rel}","templated":true}]}}