{"id":2265,"date":"2024-09-29T00:43:35","date_gmt":"2024-09-29T00:43:35","guid":{"rendered":"https:\/\/saia.com.ar\/aquaplant\/?post_type=product&#038;p=2265"},"modified":"2025-10-24T16:59:13","modified_gmt":"2025-10-24T16:59:13","slug":"tylomelania-sp-ang-orange-poso-rabbit-snail","status":"publish","type":"product","link":"https:\/\/saia.com.ar\/aquaplant\/producto\/tylomelania-sp-ang-orange-poso-rabbit-snail\/","title":{"rendered":"Tylomelania sp. (ang.Orange Poso Rabbit Snail)"},"content":{"rendered":"<p>Ocurrencia: Sulawesi, Lago Poso, Indonesia<br \/>\nTama\u00f1o de la concha: 7,6 cm<br \/>\nTemperatura del agua: 24,4 (27-30)\u00b0C &#8211; 29\u00b0C<br \/>\npH: 7, 0 &#8211; 8,5<br \/>\nKH : 3 &#8211; 10 dKH<br \/>\nDureza: 6-20\u00b0dGH<br \/>\nEdad m\u00e1xima: hasta 6 a\u00f1os<\/p>\n<p>Dieta: esta especie de gaster\u00f3podo se alimenta principalmente de algas y materia vegetal en descomposici\u00f3n y<br \/>\ntambi\u00e9n se sabe que se alimenta de plantas m\u00e1s blandas. Pero otras fuentes literarias afirman que no destruye<br \/>\nlas plantas. En el acuario tambi\u00e9n podemos alimentarlos con pellets y escamas destinados a peces demersales<br \/>\nde acuario, incluso con un suplemento de algas. Tambi\u00e9n es adecuado para servir diversas verduras (por<br \/>\nejemplo, zanahorias), ortiga al vapor, diente de le\u00f3n, calabac\u00edn, pepino, col rizada, lechuga, espinacas,<br \/>\nguisantes, etc. En el acuario no deben faltar hojas de roble, haya o almendro.<br \/>\nEvite cualquier producto alimenticio, medicamento o fertilizante para plantas que contenga cobre en cualquier<br \/>\nforma. El cobre es t\u00f3xico para los invertebrados.<\/p>\n","protected":false},"excerpt":{"rendered":"<p>Es uno de los caracoles de agua dulce m\u00e1s bellos. Con sus colores distintivos y contrastantes, no<br \/>\npuede faltar en el acuario. Su caparaz\u00f3n de color marr\u00f3n oscuro tiene una interesante forma de espiral.Gracias a la combinaci\u00f3n con el color del cuerpo, entre amarillo claro y naranja, es realmente bonito y<br \/>\nexpresivo.<\/p>\n","protected":false},"featured_media":2266,"comment_status":"open","ping_status":"closed","template":"","meta":{"site-sidebar-layout":"default","site-content-layout":"","ast-site-content-layout":"default","site-content-style":"default","site-sidebar-style":"default","ast-global-header-display":"","ast-banner-title-visibility":"","ast-main-header-display":"","ast-hfb-above-header-display":"","ast-hfb-below-header-display":"","ast-hfb-mobile-header-display":"","site-post-title":"","ast-breadcrumbs-content":"","ast-featured-img":"","footer-sml-layout":"","ast-disable-related-posts":"","theme-transparent-header-meta":"default","adv-header-id-meta":"","stick-header-meta":"","header-above-stick-meta":"","header-main-stick-meta":"","header-below-stick-meta":"","astra-migrate-meta-layouts":"set","ast-page-background-enabled":"default","ast-page-background-meta":{"desktop":{"background-color":"","background-image":"","background-repeat":"repeat","background-position":"center center","background-size":"auto","background-attachment":"scroll","background-type":"","background-media":"","overlay-type":"","overlay-color":"","overlay-opacity":"","overlay-gradient":""},"tablet":{"background-color":"","background-image":"","background-repeat":"repeat","background-position":"center center","background-size":"auto","background-attachment":"scroll","background-type":"","background-media":"","overlay-type":"","overlay-color":"","overlay-opacity":"","overlay-gradient":""},"mobile":{"background-color":"","background-image":"","background-repeat":"repeat","background-position":"center center","background-size":"auto","background-attachment":"scroll","background-type":"","background-media":"","overlay-type":"","overlay-color":"","overlay-opacity":"","overlay-gradient":""}},"ast-content-background-meta":{"desktop":{"background-color":"var(--ast-global-color-5)","background-image":"","background-repeat":"repeat","background-position":"center center","background-size":"auto","background-attachment":"scroll","background-type":"","background-media":"","overlay-type":"","overlay-color":"","overlay-opacity":"","overlay-gradient":""},"tablet":{"background-color":"var(--ast-global-color-5)","background-image":"","background-repeat":"repeat","background-position":"center center","background-size":"auto","background-attachment":"scroll","background-type":"","background-media":"","overlay-type":"","overlay-color":"","overlay-opacity":"","overlay-gradient":""},"mobile":{"background-color":"var(--ast-global-color-5)","background-image":"","background-repeat":"repeat","background-position":"center center","background-size":"auto","background-attachment":"scroll","background-type":"","background-media":"","overlay-type":"","overlay-color":"","overlay-opacity":"","overlay-gradient":""}}},"product_brand":[],"product_cat":[28],"product_tag":[],"class_list":{"0":"post-2265","1":"product","2":"type-product","3":"status-publish","4":"has-post-thumbnail","6":"product_cat-caracoles","7":"desktop-align-left","8":"tablet-align-left","9":"mobile-align-left","11":"first","12":"outofstock","13":"shipping-taxable","14":"purchasable","15":"product-type-simple"},"_links":{"self":[{"href":"https:\/\/saia.com.ar\/aquaplant\/wp-json\/wp\/v2\/product\/2265","targetHints":{"allow":["GET"]}}],"collection":[{"href":"https:\/\/saia.com.ar\/aquaplant\/wp-json\/wp\/v2\/product"}],"about":[{"href":"https:\/\/saia.com.ar\/aquaplant\/wp-json\/wp\/v2\/types\/product"}],"replies":[{"embeddable":true,"href":"https:\/\/saia.com.ar\/aquaplant\/wp-json\/wp\/v2\/comments?post=2265"}],"wp:featuredmedia":[{"embeddable":true,"href":"https:\/\/saia.com.ar\/aquaplant\/wp-json\/wp\/v2\/media\/2266"}],"wp:attachment":[{"href":"https:\/\/saia.com.ar\/aquaplant\/wp-json\/wp\/v2\/media?parent=2265"}],"wp:term":[{"taxonomy":"product_brand","embeddable":true,"href":"https:\/\/saia.com.ar\/aquaplant\/wp-json\/wp\/v2\/product_brand?post=2265"},{"taxonomy":"product_cat","embeddable":true,"href":"https:\/\/saia.com.ar\/aquaplant\/wp-json\/wp\/v2\/product_cat?post=2265"},{"taxonomy":"product_tag","embeddable":true,"href":"https:\/\/saia.com.ar\/aquaplant\/wp-json\/wp\/v2\/product_tag?post=2265"}],"curies":[{"name":"wp","href":"https:\/\/api.w.org\/{rel}","templated":true}]}}