{"id":2317,"date":"2024-10-03T18:57:31","date_gmt":"2024-10-03T18:57:31","guid":{"rendered":"https:\/\/saia.com.ar\/aquaplant\/?post_type=product&#038;p=2317"},"modified":"2025-04-17T14:35:22","modified_gmt":"2025-04-17T14:35:22","slug":"caracol-diablo-negro-faunus-ater-black-devil","status":"publish","type":"product","link":"https:\/\/saia.com.ar\/aquaplant\/producto\/caracol-diablo-negro-faunus-ater-black-devil\/","title":{"rendered":"Caracol Diablo Negro (faunus Ater Black Devil)"},"content":{"rendered":"<p>PAR\u00c1METROS RECOMENDADOS<br \/>\nTemperatura : (22\u00b0 &#8211; 28\u00b0 C)<br \/>\npH : 7,0 &#8211; 8,5<br \/>\nKH : 5 &#8211; 15 dKH<br \/>\nTama\u00f1o m\u00ednimo del tanque : 35 litros por caracol<\/p>\n<p>Faunus ater (caracol diablo negro) es una especie de caracol de agua dulce resistente, activa y grande.<br \/>\nEl caracol puede vivir tanto en agua dulce como salobre, son excelentes carro\u00f1eros y ser\u00e1n su equipo de<br \/>\nlimpieza, no sobrepoblar\u00e1n tu acuario., dem\u00e1s, airear\u00e1n tu sustrato y fertilizar\u00e1n tus plantas.<br \/>\nQu\u00e9 m\u00e1s se puede esperar del caracol Black Devil Snail es casi un complemento ideal para cualquier<br \/>\nacuario de agua dulce.<br \/>\nEste caracol se comporta exactamente como se deber\u00eda esperar de un caracol, con una gran diferencia. son<br \/>\nr\u00e1pidos.<br \/>\nSi est\u00e1 buscando un caracol activo que pase mucho tiempo zumbando alrededor del tanque en busca de algas,<br \/>\nFaunus ater es una excelente opci\u00f3n.<\/p>\n","protected":false},"excerpt":{"rendered":"<p>Muy activo en comparaci\u00f3n con otros caracoles de agua dulce.<br \/>\nExcelentes limpiadores de sustrato.<br \/>\nSeguro con plantas completamente pac\u00edfico.<\/p>\n","protected":false},"featured_media":2319,"comment_status":"open","ping_status":"closed","template":"","meta":{"site-sidebar-layout":"default","site-content-layout":"","ast-site-content-layout":"default","site-content-style":"default","site-sidebar-style":"default","ast-global-header-display":"","ast-banner-title-visibility":"","ast-main-header-display":"","ast-hfb-above-header-display":"","ast-hfb-below-header-display":"","ast-hfb-mobile-header-display":"","site-post-title":"","ast-breadcrumbs-content":"","ast-featured-img":"","footer-sml-layout":"","ast-disable-related-posts":"","theme-transparent-header-meta":"default","adv-header-id-meta":"","stick-header-meta":"","header-above-stick-meta":"","header-main-stick-meta":"","header-below-stick-meta":"","astra-migrate-meta-layouts":"set","ast-page-background-enabled":"default","ast-page-background-meta":{"desktop":{"background-color":"","background-image":"","background-repeat":"repeat","background-position":"center center","background-size":"auto","background-attachment":"scroll","background-type":"","background-media":"","overlay-type":"","overlay-color":"","overlay-opacity":"","overlay-gradient":""},"tablet":{"background-color":"","background-image":"","background-repeat":"repeat","background-position":"center center","background-size":"auto","background-attachment":"scroll","background-type":"","background-media":"","overlay-type":"","overlay-color":"","overlay-opacity":"","overlay-gradient":""},"mobile":{"background-color":"","background-image":"","background-repeat":"repeat","background-position":"center center","background-size":"auto","background-attachment":"scroll","background-type":"","background-media":"","overlay-type":"","overlay-color":"","overlay-opacity":"","overlay-gradient":""}},"ast-content-background-meta":{"desktop":{"background-color":"var(--ast-global-color-5)","background-image":"","background-repeat":"repeat","background-position":"center center","background-size":"auto","background-attachment":"scroll","background-type":"","background-media":"","overlay-type":"","overlay-color":"","overlay-opacity":"","overlay-gradient":""},"tablet":{"background-color":"var(--ast-global-color-5)","background-image":"","background-repeat":"repeat","background-position":"center center","background-size":"auto","background-attachment":"scroll","background-type":"","background-media":"","overlay-type":"","overlay-color":"","overlay-opacity":"","overlay-gradient":""},"mobile":{"background-color":"var(--ast-global-color-5)","background-image":"","background-repeat":"repeat","background-position":"center center","background-size":"auto","background-attachment":"scroll","background-type":"","background-media":"","overlay-type":"","overlay-color":"","overlay-opacity":"","overlay-gradient":""}}},"product_brand":[],"product_cat":[28],"product_tag":[],"class_list":{"0":"post-2317","1":"product","2":"type-product","3":"status-publish","4":"has-post-thumbnail","6":"product_cat-caracoles","7":"desktop-align-left","8":"tablet-align-left","9":"mobile-align-left","11":"first","12":"outofstock","13":"shipping-taxable","14":"purchasable","15":"product-type-simple"},"_links":{"self":[{"href":"https:\/\/saia.com.ar\/aquaplant\/wp-json\/wp\/v2\/product\/2317","targetHints":{"allow":["GET"]}}],"collection":[{"href":"https:\/\/saia.com.ar\/aquaplant\/wp-json\/wp\/v2\/product"}],"about":[{"href":"https:\/\/saia.com.ar\/aquaplant\/wp-json\/wp\/v2\/types\/product"}],"replies":[{"embeddable":true,"href":"https:\/\/saia.com.ar\/aquaplant\/wp-json\/wp\/v2\/comments?post=2317"}],"wp:featuredmedia":[{"embeddable":true,"href":"https:\/\/saia.com.ar\/aquaplant\/wp-json\/wp\/v2\/media\/2319"}],"wp:attachment":[{"href":"https:\/\/saia.com.ar\/aquaplant\/wp-json\/wp\/v2\/media?parent=2317"}],"wp:term":[{"taxonomy":"product_brand","embeddable":true,"href":"https:\/\/saia.com.ar\/aquaplant\/wp-json\/wp\/v2\/product_brand?post=2317"},{"taxonomy":"product_cat","embeddable":true,"href":"https:\/\/saia.com.ar\/aquaplant\/wp-json\/wp\/v2\/product_cat?post=2317"},{"taxonomy":"product_tag","embeddable":true,"href":"https:\/\/saia.com.ar\/aquaplant\/wp-json\/wp\/v2\/product_tag?post=2317"}],"curies":[{"name":"wp","href":"https:\/\/api.w.org\/{rel}","templated":true}]}}