{"id":2477,"date":"2024-10-16T20:52:27","date_gmt":"2024-10-16T20:52:27","guid":{"rendered":"https:\/\/saia.com.ar\/aquaplant\/?post_type=product&#038;p=2477"},"modified":"2026-02-24T17:45:04","modified_gmt":"2026-02-24T17:45:04","slug":"shulet-tropical-20-gr-escamado-alimento-peces","status":"publish","type":"product","link":"https:\/\/saia.com.ar\/aquaplant\/producto\/shulet-tropical-20-gr-escamado-alimento-peces\/","title":{"rendered":"Shulet Tropical 20 Gr Escamado Alimento Peces"},"content":{"rendered":"<p>SHULET TROPICAL es un alimento en escamas para peces tropicales.<br \/>\nContiene una mezcla nutritiva de ingredientes como harinas de pescado,<br \/>\ncarne, cereales, h\u00edgado, soja y algas de mar.<br \/>\nAdem\u00e1s, incluye germen de trigo, case\u00edna, levadura en polvo, huevo en polvo, espinaca deshidratada y<br \/>\naceite de pescado con BHT, tambi\u00e9n est\u00e1 enriquecido con una variedad de vitaminas y minerales<br \/>\nentre ellos vitaminas A, D3, E, menadiona, tiamina, riboflavina, piridoxina, \u00e1cido pantot\u00e9nico, biotina,<br \/>\nniacina, \u00e1cido f\u00f3lico, cianocobalamina y \u00e1cido asc\u00f3rbico, as\u00ed como selenio, iodo, cobre, zinc, hierro, manganeso<br \/>\ny cobalto.<\/p>\n","protected":false},"excerpt":{"rendered":"<p>SHULET TROPICAL es un alimento en escamas para peces tropicales.<br \/>\nContiene una mezcla nutritiva de ingredientes.<\/p>\n","protected":false},"featured_media":2490,"comment_status":"open","ping_status":"closed","template":"","meta":{"site-sidebar-layout":"default","site-content-layout":"","ast-site-content-layout":"default","site-content-style":"default","site-sidebar-style":"default","ast-global-header-display":"","ast-banner-title-visibility":"","ast-main-header-display":"","ast-hfb-above-header-display":"","ast-hfb-below-header-display":"","ast-hfb-mobile-header-display":"","site-post-title":"","ast-breadcrumbs-content":"","ast-featured-img":"","footer-sml-layout":"","ast-disable-related-posts":"","theme-transparent-header-meta":"default","adv-header-id-meta":"","stick-header-meta":"","header-above-stick-meta":"","header-main-stick-meta":"","header-below-stick-meta":"","astra-migrate-meta-layouts":"set","ast-page-background-enabled":"default","ast-page-background-meta":{"desktop":{"background-color":"","background-image":"","background-repeat":"repeat","background-position":"center center","background-size":"auto","background-attachment":"scroll","background-type":"","background-media":"","overlay-type":"","overlay-color":"","overlay-opacity":"","overlay-gradient":""},"tablet":{"background-color":"","background-image":"","background-repeat":"repeat","background-position":"center center","background-size":"auto","background-attachment":"scroll","background-type":"","background-media":"","overlay-type":"","overlay-color":"","overlay-opacity":"","overlay-gradient":""},"mobile":{"background-color":"","background-image":"","background-repeat":"repeat","background-position":"center center","background-size":"auto","background-attachment":"scroll","background-type":"","background-media":"","overlay-type":"","overlay-color":"","overlay-opacity":"","overlay-gradient":""}},"ast-content-background-meta":{"desktop":{"background-color":"var(--ast-global-color-5)","background-image":"","background-repeat":"repeat","background-position":"center center","background-size":"auto","background-attachment":"scroll","background-type":"","background-media":"","overlay-type":"","overlay-color":"","overlay-opacity":"","overlay-gradient":""},"tablet":{"background-color":"var(--ast-global-color-5)","background-image":"","background-repeat":"repeat","background-position":"center center","background-size":"auto","background-attachment":"scroll","background-type":"","background-media":"","overlay-type":"","overlay-color":"","overlay-opacity":"","overlay-gradient":""},"mobile":{"background-color":"var(--ast-global-color-5)","background-image":"","background-repeat":"repeat","background-position":"center center","background-size":"auto","background-attachment":"scroll","background-type":"","background-media":"","overlay-type":"","overlay-color":"","overlay-opacity":"","overlay-gradient":""}}},"product_brand":[],"product_cat":[34],"product_tag":[],"class_list":{"0":"post-2477","1":"product","2":"type-product","3":"status-publish","4":"has-post-thumbnail","6":"product_cat-alimentacion","7":"desktop-align-left","8":"tablet-align-left","9":"mobile-align-left","11":"first","12":"instock","13":"shipping-taxable","14":"purchasable","15":"product-type-simple"},"_links":{"self":[{"href":"https:\/\/saia.com.ar\/aquaplant\/wp-json\/wp\/v2\/product\/2477","targetHints":{"allow":["GET"]}}],"collection":[{"href":"https:\/\/saia.com.ar\/aquaplant\/wp-json\/wp\/v2\/product"}],"about":[{"href":"https:\/\/saia.com.ar\/aquaplant\/wp-json\/wp\/v2\/types\/product"}],"replies":[{"embeddable":true,"href":"https:\/\/saia.com.ar\/aquaplant\/wp-json\/wp\/v2\/comments?post=2477"}],"wp:featuredmedia":[{"embeddable":true,"href":"https:\/\/saia.com.ar\/aquaplant\/wp-json\/wp\/v2\/media\/2490"}],"wp:attachment":[{"href":"https:\/\/saia.com.ar\/aquaplant\/wp-json\/wp\/v2\/media?parent=2477"}],"wp:term":[{"taxonomy":"product_brand","embeddable":true,"href":"https:\/\/saia.com.ar\/aquaplant\/wp-json\/wp\/v2\/product_brand?post=2477"},{"taxonomy":"product_cat","embeddable":true,"href":"https:\/\/saia.com.ar\/aquaplant\/wp-json\/wp\/v2\/product_cat?post=2477"},{"taxonomy":"product_tag","embeddable":true,"href":"https:\/\/saia.com.ar\/aquaplant\/wp-json\/wp\/v2\/product_tag?post=2477"}],"curies":[{"name":"wp","href":"https:\/\/api.w.org\/{rel}","templated":true}]}}