{"id":2499,"date":"2024-10-17T17:42:02","date_gmt":"2024-10-17T17:42:02","guid":{"rendered":"https:\/\/saia.com.ar\/aquaplant\/?post_type=product&#038;p=2499"},"modified":"2026-02-24T17:38:32","modified_gmt":"2026-02-24T17:38:32","slug":"alimento-shulet-peishe-100g-granulos-flote-peces-agua-fria","status":"publish","type":"product","link":"https:\/\/saia.com.ar\/aquaplant\/producto\/alimento-shulet-peishe-100g-granulos-flote-peces-agua-fria\/","title":{"rendered":"Alimento Shulet Peishe 100g Gr\u00e1nulos Flote Peces Agua Fr\u00eda"},"content":{"rendered":"<p>SHULET PEISHE CAR COLOR 40gr.<br \/>\nHace que tus peces mejoren su color.<br \/>\nAlimento completo: contiene la totalidad de los nutrientes necesarios y en su justa proporci\u00f3n.<br \/>\nFlotabilidad prolongada: optimiza el control de la dosificaci\u00f3n, evitando el suministro de alimento en exceso.<br \/>\nM\u00e1xima resistencia estructural: minimiza la formaci\u00f3n de polvo, como as\u00ed tambi\u00e9n el pasaje de nutrientes<br \/>\ndesde el alimento al agua, ya que el pellet posee una matriz tridimensional de alta resistencia.<br \/>\nContiene resaltadores naturales , haciendo a este alimento mas sabroso y atractivo para sus<br \/>\npeces tropicales.<br \/>\nElevada digestibilidad: Maximiza el aprovechamiento a nivel intestinal de los nutrientes contenidos en el<br \/>\nalimento, minimizando los desechos.<br \/>\nComposici\u00f3n homog\u00e9nea de cada uno en los pellets<br \/>\nMaterias primas: Se utilizan solo ingredientes que sean totalmente naturales de m\u00e1xima calidad nutritiva y que<br \/>\ncumplan los mas altos estrictos est\u00e1ndares higi\u00e9nico-sanitarios.<\/p>\n","protected":false},"excerpt":{"rendered":"<p>Alimento Shulet Peishe 100g Gr\u00e1nulos Flote Peces Agua Fr\u00eda.<\/p>\n","protected":false},"featured_media":2500,"comment_status":"open","ping_status":"closed","template":"","meta":{"site-sidebar-layout":"default","site-content-layout":"","ast-site-content-layout":"default","site-content-style":"default","site-sidebar-style":"default","ast-global-header-display":"","ast-banner-title-visibility":"","ast-main-header-display":"","ast-hfb-above-header-display":"","ast-hfb-below-header-display":"","ast-hfb-mobile-header-display":"","site-post-title":"","ast-breadcrumbs-content":"","ast-featured-img":"","footer-sml-layout":"","ast-disable-related-posts":"","theme-transparent-header-meta":"default","adv-header-id-meta":"","stick-header-meta":"","header-above-stick-meta":"","header-main-stick-meta":"","header-below-stick-meta":"","astra-migrate-meta-layouts":"set","ast-page-background-enabled":"default","ast-page-background-meta":{"desktop":{"background-color":"","background-image":"","background-repeat":"repeat","background-position":"center center","background-size":"auto","background-attachment":"scroll","background-type":"","background-media":"","overlay-type":"","overlay-color":"","overlay-opacity":"","overlay-gradient":""},"tablet":{"background-color":"","background-image":"","background-repeat":"repeat","background-position":"center center","background-size":"auto","background-attachment":"scroll","background-type":"","background-media":"","overlay-type":"","overlay-color":"","overlay-opacity":"","overlay-gradient":""},"mobile":{"background-color":"","background-image":"","background-repeat":"repeat","background-position":"center center","background-size":"auto","background-attachment":"scroll","background-type":"","background-media":"","overlay-type":"","overlay-color":"","overlay-opacity":"","overlay-gradient":""}},"ast-content-background-meta":{"desktop":{"background-color":"var(--ast-global-color-5)","background-image":"","background-repeat":"repeat","background-position":"center center","background-size":"auto","background-attachment":"scroll","background-type":"","background-media":"","overlay-type":"","overlay-color":"","overlay-opacity":"","overlay-gradient":""},"tablet":{"background-color":"var(--ast-global-color-5)","background-image":"","background-repeat":"repeat","background-position":"center center","background-size":"auto","background-attachment":"scroll","background-type":"","background-media":"","overlay-type":"","overlay-color":"","overlay-opacity":"","overlay-gradient":""},"mobile":{"background-color":"var(--ast-global-color-5)","background-image":"","background-repeat":"repeat","background-position":"center center","background-size":"auto","background-attachment":"scroll","background-type":"","background-media":"","overlay-type":"","overlay-color":"","overlay-opacity":"","overlay-gradient":""}}},"product_brand":[],"product_cat":[34],"product_tag":[],"class_list":{"0":"post-2499","1":"product","2":"type-product","3":"status-publish","4":"has-post-thumbnail","6":"product_cat-alimentacion","7":"desktop-align-left","8":"tablet-align-left","9":"mobile-align-left","11":"first","12":"instock","13":"shipping-taxable","14":"purchasable","15":"product-type-simple"},"_links":{"self":[{"href":"https:\/\/saia.com.ar\/aquaplant\/wp-json\/wp\/v2\/product\/2499","targetHints":{"allow":["GET"]}}],"collection":[{"href":"https:\/\/saia.com.ar\/aquaplant\/wp-json\/wp\/v2\/product"}],"about":[{"href":"https:\/\/saia.com.ar\/aquaplant\/wp-json\/wp\/v2\/types\/product"}],"replies":[{"embeddable":true,"href":"https:\/\/saia.com.ar\/aquaplant\/wp-json\/wp\/v2\/comments?post=2499"}],"wp:featuredmedia":[{"embeddable":true,"href":"https:\/\/saia.com.ar\/aquaplant\/wp-json\/wp\/v2\/media\/2500"}],"wp:attachment":[{"href":"https:\/\/saia.com.ar\/aquaplant\/wp-json\/wp\/v2\/media?parent=2499"}],"wp:term":[{"taxonomy":"product_brand","embeddable":true,"href":"https:\/\/saia.com.ar\/aquaplant\/wp-json\/wp\/v2\/product_brand?post=2499"},{"taxonomy":"product_cat","embeddable":true,"href":"https:\/\/saia.com.ar\/aquaplant\/wp-json\/wp\/v2\/product_cat?post=2499"},{"taxonomy":"product_tag","embeddable":true,"href":"https:\/\/saia.com.ar\/aquaplant\/wp-json\/wp\/v2\/product_tag?post=2499"}],"curies":[{"name":"wp","href":"https:\/\/api.w.org\/{rel}","templated":true}]}}