{"id":2578,"date":"2024-10-24T19:53:59","date_gmt":"2024-10-24T19:53:59","guid":{"rendered":"https:\/\/saia.com.ar\/aquaplant\/?post_type=product&#038;p=2578"},"modified":"2026-03-03T20:54:58","modified_gmt":"2026-03-03T20:54:58","slug":"seachem-matrix-250-ml-filtracion-biologica-acuario-material-filtrante","status":"publish","type":"product","link":"https:\/\/saia.com.ar\/aquaplant\/producto\/seachem-matrix-250-ml-filtracion-biologica-acuario-material-filtrante\/","title":{"rendered":"Seachem Matrix 250 ml Filtraci\u00f3n Biol\u00f3gica Acuario Material Filtrante"},"content":{"rendered":"<p>MATRIX&#x2122; es un bio medio de alta porosidad que provee bio filtraci\u00f3n eficiente para la remoci\u00f3n de los<br \/>\nresiduos del nitr\u00f3geno.<br \/>\nMatrix&#x2122; es un s\u00f3lido inorg\u00e1nico poroso de unos 10mm en el di\u00e1metro. \u00a1Cada litro de Matrix&#x2122; provee<br \/>\ntanta superficie (&lt; 162 m2) como 40 litros de pelotas pl\u00e1sticas! Los b\u00edo-materiales pl\u00e1sticos<br \/>\nproveen s\u00f3lo el \u00e1rea de superficie externa, mientras que Matrix&#x2122; provee tanto el \u00e1rea macro-porosa de<br \/>\nsuperficie externa como la interna.<br \/>\nEstos macro-poros son idealmente dimensionados para el soporte de las bacterias nitrificantes y de nitrificantes.<br \/>\nEsto hace de Matrix&#x2122; diferente de otras formas de bio-media, quitar nitrato junto con amon\u00edaco y nitrito,<br \/>\nsimult\u00e1neamente y en el mismo filtro. Matrix&#x2122; es completamente inerte no necesita ser reemplazado.<br \/>\nDebido a que la mayor parte de las bacterias son internas, Matrix&#x2122; puede ser enjuagado cuando sea<br \/>\nnecesario sin da\u00f1ar el filtro. Matrix&#x2122; es compatible con todos los tipos de filtros sumergidos o h\u00famedo-secos.<br \/>\n250 ml TRATAN 200 Litros<\/p>\n","protected":false},"excerpt":{"rendered":"<p>MATRIX&#x2122; es un bio medio de alta porosidad que provee bio filtraci\u00f3n eficiente para la remoci\u00f3n de los<br \/>\nresiduos del nitr\u00f3geno.<\/p>\n","protected":false},"featured_media":2579,"comment_status":"open","ping_status":"closed","template":"","meta":{"site-sidebar-layout":"default","site-content-layout":"","ast-site-content-layout":"default","site-content-style":"default","site-sidebar-style":"default","ast-global-header-display":"","ast-banner-title-visibility":"","ast-main-header-display":"","ast-hfb-above-header-display":"","ast-hfb-below-header-display":"","ast-hfb-mobile-header-display":"","site-post-title":"","ast-breadcrumbs-content":"","ast-featured-img":"","footer-sml-layout":"","ast-disable-related-posts":"","theme-transparent-header-meta":"default","adv-header-id-meta":"","stick-header-meta":"","header-above-stick-meta":"","header-main-stick-meta":"","header-below-stick-meta":"","astra-migrate-meta-layouts":"set","ast-page-background-enabled":"default","ast-page-background-meta":{"desktop":{"background-color":"","background-image":"","background-repeat":"repeat","background-position":"center center","background-size":"auto","background-attachment":"scroll","background-type":"","background-media":"","overlay-type":"","overlay-color":"","overlay-opacity":"","overlay-gradient":""},"tablet":{"background-color":"","background-image":"","background-repeat":"repeat","background-position":"center center","background-size":"auto","background-attachment":"scroll","background-type":"","background-media":"","overlay-type":"","overlay-color":"","overlay-opacity":"","overlay-gradient":""},"mobile":{"background-color":"","background-image":"","background-repeat":"repeat","background-position":"center center","background-size":"auto","background-attachment":"scroll","background-type":"","background-media":"","overlay-type":"","overlay-color":"","overlay-opacity":"","overlay-gradient":""}},"ast-content-background-meta":{"desktop":{"background-color":"var(--ast-global-color-5)","background-image":"","background-repeat":"repeat","background-position":"center center","background-size":"auto","background-attachment":"scroll","background-type":"","background-media":"","overlay-type":"","overlay-color":"","overlay-opacity":"","overlay-gradient":""},"tablet":{"background-color":"var(--ast-global-color-5)","background-image":"","background-repeat":"repeat","background-position":"center center","background-size":"auto","background-attachment":"scroll","background-type":"","background-media":"","overlay-type":"","overlay-color":"","overlay-opacity":"","overlay-gradient":""},"mobile":{"background-color":"var(--ast-global-color-5)","background-image":"","background-repeat":"repeat","background-position":"center center","background-size":"auto","background-attachment":"scroll","background-type":"","background-media":"","overlay-type":"","overlay-color":"","overlay-opacity":"","overlay-gradient":""}}},"product_brand":[],"product_cat":[37],"product_tag":[],"class_list":{"0":"post-2578","1":"product","2":"type-product","3":"status-publish","4":"has-post-thumbnail","6":"product_cat-suplementos-seachen","7":"desktop-align-left","8":"tablet-align-left","9":"mobile-align-left","11":"first","12":"instock","13":"shipping-taxable","14":"purchasable","15":"product-type-simple"},"_links":{"self":[{"href":"https:\/\/saia.com.ar\/aquaplant\/wp-json\/wp\/v2\/product\/2578","targetHints":{"allow":["GET"]}}],"collection":[{"href":"https:\/\/saia.com.ar\/aquaplant\/wp-json\/wp\/v2\/product"}],"about":[{"href":"https:\/\/saia.com.ar\/aquaplant\/wp-json\/wp\/v2\/types\/product"}],"replies":[{"embeddable":true,"href":"https:\/\/saia.com.ar\/aquaplant\/wp-json\/wp\/v2\/comments?post=2578"}],"wp:featuredmedia":[{"embeddable":true,"href":"https:\/\/saia.com.ar\/aquaplant\/wp-json\/wp\/v2\/media\/2579"}],"wp:attachment":[{"href":"https:\/\/saia.com.ar\/aquaplant\/wp-json\/wp\/v2\/media?parent=2578"}],"wp:term":[{"taxonomy":"product_brand","embeddable":true,"href":"https:\/\/saia.com.ar\/aquaplant\/wp-json\/wp\/v2\/product_brand?post=2578"},{"taxonomy":"product_cat","embeddable":true,"href":"https:\/\/saia.com.ar\/aquaplant\/wp-json\/wp\/v2\/product_cat?post=2578"},{"taxonomy":"product_tag","embeddable":true,"href":"https:\/\/saia.com.ar\/aquaplant\/wp-json\/wp\/v2\/product_tag?post=2578"}],"curies":[{"name":"wp","href":"https:\/\/api.w.org\/{rel}","templated":true}]}}