{"id":2815,"date":"2024-12-01T16:15:06","date_gmt":"2024-12-01T16:15:06","guid":{"rendered":"https:\/\/saia.com.ar\/aquaplant\/?post_type=product&#038;p=2815"},"modified":"2025-04-09T16:42:56","modified_gmt":"2025-04-09T16:42:56","slug":"anillos-de-ceramica-bio-350g-en-bolsa","status":"publish","type":"product","link":"https:\/\/saia.com.ar\/aquaplant\/producto\/anillos-de-ceramica-bio-350g-en-bolsa\/","title":{"rendered":"Anillos de cer\u00e1mica Bio 350g (en bolsa)"},"content":{"rendered":"<p>Anillos de cer\u00e1mica Bio 350g (en bolsa)<br \/>\nLos anillos de cer\u00e1mica se utilizan desde hace mucho tiempo como medio filtrante en los acuarios dom\u00e9sticos.<br \/>\nLos poros de los anillos de cer\u00e1mica favorecen y fomentan la acumulaci\u00f3n de bacterias beneficiosas, que a su<br \/>\nvez transforman las sustancias nocivas, como el amoniaco, para mejorar la calidad del agua del acuario.<br \/>\nLos anillos de cer\u00e1mica se pueden utilizar con todo tipo de sistemas de filtraci\u00f3n.<br \/>\nSe pueden utilizar junto con otros filtros, como esponjas y carbones activados.<\/p>\n<p>Pr\u00e1ctica bolsa de filtro de malla de nailon lista para usar .<br \/>\nLos anillos de cer\u00e1mica son extremadamente porosos, lo que proporciona una gran superficie para que las<br \/>\nbacterias beneficiosas los colonicen, y en el caso de que se obstruyan, tambi\u00e9n es mucho m\u00e1s f\u00e1cil de limpiar.<br \/>\nSin emisi\u00f3n de sustancias nocivas, lo que se traduce en menos cambios de agua.<br \/>\nSe puede utilizar en la mayor\u00eda de los filtros (tanto de agua dulce como salada).<br \/>\nEnjuague la bolsa que contiene los anillos bajo el chorro de agua; es mejor utilizar agua de acuario y no agua<br \/>\ndel grifo para esto.<\/p>\n","protected":false},"excerpt":{"rendered":"<p>Se puede utilizar en la mayor\u00eda de los filtros (tanto de agua dulce como salada), pr\u00e1ctica bolsa de filtro de malla de nailon lista para usar.<\/p>\n","protected":false},"featured_media":2816,"comment_status":"open","ping_status":"closed","template":"","meta":{"site-sidebar-layout":"default","site-content-layout":"","ast-site-content-layout":"default","site-content-style":"default","site-sidebar-style":"default","ast-global-header-display":"","ast-banner-title-visibility":"","ast-main-header-display":"","ast-hfb-above-header-display":"","ast-hfb-below-header-display":"","ast-hfb-mobile-header-display":"","site-post-title":"","ast-breadcrumbs-content":"","ast-featured-img":"","footer-sml-layout":"","ast-disable-related-posts":"","theme-transparent-header-meta":"default","adv-header-id-meta":"","stick-header-meta":"","header-above-stick-meta":"","header-main-stick-meta":"","header-below-stick-meta":"","astra-migrate-meta-layouts":"set","ast-page-background-enabled":"default","ast-page-background-meta":{"desktop":{"background-color":"","background-image":"","background-repeat":"repeat","background-position":"center center","background-size":"auto","background-attachment":"scroll","background-type":"","background-media":"","overlay-type":"","overlay-color":"","overlay-opacity":"","overlay-gradient":""},"tablet":{"background-color":"","background-image":"","background-repeat":"repeat","background-position":"center center","background-size":"auto","background-attachment":"scroll","background-type":"","background-media":"","overlay-type":"","overlay-color":"","overlay-opacity":"","overlay-gradient":""},"mobile":{"background-color":"","background-image":"","background-repeat":"repeat","background-position":"center center","background-size":"auto","background-attachment":"scroll","background-type":"","background-media":"","overlay-type":"","overlay-color":"","overlay-opacity":"","overlay-gradient":""}},"ast-content-background-meta":{"desktop":{"background-color":"var(--ast-global-color-5)","background-image":"","background-repeat":"repeat","background-position":"center center","background-size":"auto","background-attachment":"scroll","background-type":"","background-media":"","overlay-type":"","overlay-color":"","overlay-opacity":"","overlay-gradient":""},"tablet":{"background-color":"var(--ast-global-color-5)","background-image":"","background-repeat":"repeat","background-position":"center center","background-size":"auto","background-attachment":"scroll","background-type":"","background-media":"","overlay-type":"","overlay-color":"","overlay-opacity":"","overlay-gradient":""},"mobile":{"background-color":"var(--ast-global-color-5)","background-image":"","background-repeat":"repeat","background-position":"center center","background-size":"auto","background-attachment":"scroll","background-type":"","background-media":"","overlay-type":"","overlay-color":"","overlay-opacity":"","overlay-gradient":""}}},"product_brand":[],"product_cat":[38],"product_tag":[],"class_list":{"0":"post-2815","1":"product","2":"type-product","3":"status-publish","4":"has-post-thumbnail","6":"product_cat-material-filtrante","7":"desktop-align-left","8":"tablet-align-left","9":"mobile-align-left","11":"first","12":"instock","13":"shipping-taxable","14":"purchasable","15":"product-type-simple"},"_links":{"self":[{"href":"https:\/\/saia.com.ar\/aquaplant\/wp-json\/wp\/v2\/product\/2815","targetHints":{"allow":["GET"]}}],"collection":[{"href":"https:\/\/saia.com.ar\/aquaplant\/wp-json\/wp\/v2\/product"}],"about":[{"href":"https:\/\/saia.com.ar\/aquaplant\/wp-json\/wp\/v2\/types\/product"}],"replies":[{"embeddable":true,"href":"https:\/\/saia.com.ar\/aquaplant\/wp-json\/wp\/v2\/comments?post=2815"}],"wp:featuredmedia":[{"embeddable":true,"href":"https:\/\/saia.com.ar\/aquaplant\/wp-json\/wp\/v2\/media\/2816"}],"wp:attachment":[{"href":"https:\/\/saia.com.ar\/aquaplant\/wp-json\/wp\/v2\/media?parent=2815"}],"wp:term":[{"taxonomy":"product_brand","embeddable":true,"href":"https:\/\/saia.com.ar\/aquaplant\/wp-json\/wp\/v2\/product_brand?post=2815"},{"taxonomy":"product_cat","embeddable":true,"href":"https:\/\/saia.com.ar\/aquaplant\/wp-json\/wp\/v2\/product_cat?post=2815"},{"taxonomy":"product_tag","embeddable":true,"href":"https:\/\/saia.com.ar\/aquaplant\/wp-json\/wp\/v2\/product_tag?post=2815"}],"curies":[{"name":"wp","href":"https:\/\/api.w.org\/{rel}","templated":true}]}}