{"id":2888,"date":"2025-02-04T19:40:11","date_gmt":"2025-02-04T19:40:11","guid":{"rendered":"https:\/\/saia.com.ar\/aquaplant\/?post_type=product&#038;p=2888"},"modified":"2025-12-21T21:08:58","modified_gmt":"2025-12-21T21:08:58","slug":"dragon-wood-madera","status":"publish","type":"product","link":"https:\/\/saia.com.ar\/aquaplant\/producto\/dragon-wood-madera\/","title":{"rendered":"Dragon wood &#8211; madera"},"content":{"rendered":"<p>La madera de drag\u00f3n es una pieza de madera flotante intrincada y \u00fanica que agregar\u00e1 mucho car\u00e1cter a<br \/>\ncualquier paisaje acu\u00e1tico.<br \/>\nSimilar a la piedra de drag\u00f3n, la madera de drag\u00f3n es natural lleno de agujeros y t\u00faneles.<br \/>\nEstas cuevas son perfectas para los peces que disfrutan de esconderse, como los plecos.<br \/>\nLa madera flotante libera taninos durante un tiempo que pueden provocar un ligero tinte amarillento o marr\u00f3n<br \/>\nen el agua, ayuda a reducir el pH del agua, tener carb\u00f3n activado en el filtro puede ayudar a eliminar la<br \/>\nmayor\u00eda de los taninos de la madera flotante y de la columna de agua.<br \/>\nLas fotograf\u00edas proporcionadas son reales en su forma y tama\u00f1o, como la madera de drag\u00f3n es un<br \/>\nproducto natural, se producir\u00e1n diferencias de coloraci\u00f3n, forma y tama\u00f1o, que son de esperar<\/p>\n<p>Notas:<br \/>\nLa madera flotante puede alterar la composici\u00f3n qu\u00edmica del agua, como el pH y la dureza, aseg\u00farese de que<br \/>\nla pieza est\u00e9 completamente empapada de agua antes de usarla en un tanque con plantas o flotar\u00e1.<br \/>\nSe puede colocar una piedra grande o una decoraci\u00f3n pesada encima para garantizar que un trozo de madera<br \/>\nque no est\u00e9 empapado de agua permanezca sumergido.<br \/>\nImportante: recomendamos enjuagar bien la madera antes de a\u00f1adirla a un acuario ya establecido. Si lo<br \/>\nprefiere, tambi\u00e9n puede hervir la madera durante al menos 1 o 2 horas para ayudar a liberar los taninos.<\/p>\n<p>&nbsp;<\/p>\n","protected":false},"excerpt":{"rendered":"<p>Las fotograf\u00edas proporcionadas son reales y piezas unicas en su forma y tama\u00f1o, como la madera de drag\u00f3n es un<br \/>\nproducto natural importado, se producir\u00e1n diferencias de coloraci\u00f3n y tama\u00f1o, que son de esperar, el precio es por la mas chica, ver fotos y precios del producto.<\/p>\n","protected":false},"featured_media":3309,"comment_status":"open","ping_status":"closed","template":"","meta":{"site-sidebar-layout":"default","site-content-layout":"","ast-site-content-layout":"default","site-content-style":"default","site-sidebar-style":"default","ast-global-header-display":"","ast-banner-title-visibility":"","ast-main-header-display":"","ast-hfb-above-header-display":"","ast-hfb-below-header-display":"","ast-hfb-mobile-header-display":"","site-post-title":"","ast-breadcrumbs-content":"","ast-featured-img":"","footer-sml-layout":"","ast-disable-related-posts":"","theme-transparent-header-meta":"default","adv-header-id-meta":"","stick-header-meta":"","header-above-stick-meta":"","header-main-stick-meta":"","header-below-stick-meta":"","astra-migrate-meta-layouts":"set","ast-page-background-enabled":"default","ast-page-background-meta":{"desktop":{"background-color":"","background-image":"","background-repeat":"repeat","background-position":"center center","background-size":"auto","background-attachment":"scroll","background-type":"","background-media":"","overlay-type":"","overlay-color":"","overlay-opacity":"","overlay-gradient":""},"tablet":{"background-color":"","background-image":"","background-repeat":"repeat","background-position":"center center","background-size":"auto","background-attachment":"scroll","background-type":"","background-media":"","overlay-type":"","overlay-color":"","overlay-opacity":"","overlay-gradient":""},"mobile":{"background-color":"","background-image":"","background-repeat":"repeat","background-position":"center center","background-size":"auto","background-attachment":"scroll","background-type":"","background-media":"","overlay-type":"","overlay-color":"","overlay-opacity":"","overlay-gradient":""}},"ast-content-background-meta":{"desktop":{"background-color":"var(--ast-global-color-5)","background-image":"","background-repeat":"repeat","background-position":"center center","background-size":"auto","background-attachment":"scroll","background-type":"","background-media":"","overlay-type":"","overlay-color":"","overlay-opacity":"","overlay-gradient":""},"tablet":{"background-color":"var(--ast-global-color-5)","background-image":"","background-repeat":"repeat","background-position":"center center","background-size":"auto","background-attachment":"scroll","background-type":"","background-media":"","overlay-type":"","overlay-color":"","overlay-opacity":"","overlay-gradient":""},"mobile":{"background-color":"var(--ast-global-color-5)","background-image":"","background-repeat":"repeat","background-position":"center center","background-size":"auto","background-attachment":"scroll","background-type":"","background-media":"","overlay-type":"","overlay-color":"","overlay-opacity":"","overlay-gradient":""}}},"product_brand":[],"product_cat":[29],"product_tag":[],"class_list":{"0":"post-2888","1":"product","2":"type-product","3":"status-publish","4":"has-post-thumbnail","6":"product_cat-rocas-y-troncos","7":"desktop-align-left","8":"tablet-align-left","9":"mobile-align-left","11":"first","12":"instock","13":"shipping-taxable","14":"purchasable","15":"product-type-simple"},"_links":{"self":[{"href":"https:\/\/saia.com.ar\/aquaplant\/wp-json\/wp\/v2\/product\/2888","targetHints":{"allow":["GET"]}}],"collection":[{"href":"https:\/\/saia.com.ar\/aquaplant\/wp-json\/wp\/v2\/product"}],"about":[{"href":"https:\/\/saia.com.ar\/aquaplant\/wp-json\/wp\/v2\/types\/product"}],"replies":[{"embeddable":true,"href":"https:\/\/saia.com.ar\/aquaplant\/wp-json\/wp\/v2\/comments?post=2888"}],"wp:featuredmedia":[{"embeddable":true,"href":"https:\/\/saia.com.ar\/aquaplant\/wp-json\/wp\/v2\/media\/3309"}],"wp:attachment":[{"href":"https:\/\/saia.com.ar\/aquaplant\/wp-json\/wp\/v2\/media?parent=2888"}],"wp:term":[{"taxonomy":"product_brand","embeddable":true,"href":"https:\/\/saia.com.ar\/aquaplant\/wp-json\/wp\/v2\/product_brand?post=2888"},{"taxonomy":"product_cat","embeddable":true,"href":"https:\/\/saia.com.ar\/aquaplant\/wp-json\/wp\/v2\/product_cat?post=2888"},{"taxonomy":"product_tag","embeddable":true,"href":"https:\/\/saia.com.ar\/aquaplant\/wp-json\/wp\/v2\/product_tag?post=2888"}],"curies":[{"name":"wp","href":"https:\/\/api.w.org\/{rel}","templated":true}]}}