{"id":3147,"date":"2025-03-17T14:03:33","date_gmt":"2025-03-17T14:03:33","guid":{"rendered":"https:\/\/saia.com.ar\/aquaplant\/?post_type=product&#038;p=3147"},"modified":"2025-03-17T14:03:36","modified_gmt":"2025-03-17T14:03:36","slug":"medidor-digital-tds-calidad-agua-conductividad-temp-estuche","status":"publish","type":"product","link":"https:\/\/saia.com.ar\/aquaplant\/producto\/medidor-digital-tds-calidad-agua-conductividad-temp-estuche\/","title":{"rendered":"Medidor Digital Tds Calidad Agua Conductividad Temp Estuche"},"content":{"rendered":"<p>Medidor Digital de TDS \/ EC \/ Temperatura Con Estuche<br \/>\nIdeal para monitorear la calidad del agua en acuarios, sistemas de cultivo hidrop\u00f3nico o consumo, este medidor<br \/>\ndigital combina precisi\u00f3n y facilidad de uso. Su dise\u00f1o compacto permite medir Total de S\u00f3lidos Disueltos<br \/>\n(TDS) y Conductividad El\u00e9ctrica (EC) en segundos, con valores precisos y r\u00e1pidos. Incluye un pr\u00e1ctico estuche<br \/>\nprotector y pantalla de f\u00e1cil lectura. Con alta sensibilidad y calibraci\u00f3n autom\u00e1tica, es perfecto tanto para uso<br \/>\ndom\u00e9stico como profesional.<\/p>\n<p>Especificaciones:<br \/>\n&#8211; Rango de Medici\u00f3n TDS: 0 &#8211; 9990 ppm (partes por mill\u00f3n)<br \/>\n&#8211; Rango de Medici\u00f3n EC: 0 &#8211; 9990 \u00b5S\/cm<br \/>\n&#8211; Precisi\u00f3n: \u00b12%<br \/>\n&#8211; Pantalla: LCD digital con retroiluminaci\u00f3n<br \/>\n&#8211; Calibraci\u00f3n: Autom\u00e1tica<br \/>\n&#8211; Alimentaci\u00f3n: Bater\u00eda CR2032 (Incluida)<br \/>\n&#8211; Funci\u00f3n de Retenci\u00f3n: Mantiene el resultado en pantalla para f\u00e1cil lectura<br \/>\n&#8211; Apagado Autom\u00e1tico: Ahorra bater\u00eda cuando no est\u00e1 en uso<br \/>\n&#8211; Accesorios: Incluye estuche protector<\/p>\n<p>Contenido del paquete:<br \/>\n&#8211; 1 Medidor Digital de TDS \/ EC \/ Temperatura<br \/>\n&#8211; 1 Estuche Simil Cuero<br \/>\n&#8211; 1 Bateria Cr2032<\/p>\n<p>Nota:<br \/>\nNo deje caer el medidor de TDS entero en agua de inmersi\u00f3n m\u00e1s all\u00e1 del nivel m\u00e1ximo de inmersi\u00f3n. Esta<br \/>\nunidad no es herm\u00e9tica y no est\u00e1 cubierta por la garant\u00eda si entra agua en la unidad, s\u00f3lo mostrar\u00e1 tres d\u00edgitos.<br \/>\nCuando los resultados medidos superen los 999ppm, la pantalla mostrar\u00e1 \u00abxxx * 10\u00bb. Por ejemplo, \u00ab2000\u00bb<br \/>\naparecer\u00e1 como \u00ab200 * 10\u00bb en la pantalla.<\/p>\n","protected":false},"excerpt":{"rendered":"<p>Ideal para monitorear la calidad del agua en acuarios, sistemas de cultivo hidrop\u00f3nico.<\/p>\n","protected":false},"featured_media":3148,"comment_status":"open","ping_status":"closed","template":"","meta":{"site-sidebar-layout":"default","site-content-layout":"","ast-site-content-layout":"default","site-content-style":"default","site-sidebar-style":"default","ast-global-header-display":"","ast-banner-title-visibility":"","ast-main-header-display":"","ast-hfb-above-header-display":"","ast-hfb-below-header-display":"","ast-hfb-mobile-header-display":"","site-post-title":"","ast-breadcrumbs-content":"","ast-featured-img":"","footer-sml-layout":"","ast-disable-related-posts":"","theme-transparent-header-meta":"default","adv-header-id-meta":"","stick-header-meta":"","header-above-stick-meta":"","header-main-stick-meta":"","header-below-stick-meta":"","astra-migrate-meta-layouts":"set","ast-page-background-enabled":"default","ast-page-background-meta":{"desktop":{"background-color":"","background-image":"","background-repeat":"repeat","background-position":"center center","background-size":"auto","background-attachment":"scroll","background-type":"","background-media":"","overlay-type":"","overlay-color":"","overlay-opacity":"","overlay-gradient":""},"tablet":{"background-color":"","background-image":"","background-repeat":"repeat","background-position":"center center","background-size":"auto","background-attachment":"scroll","background-type":"","background-media":"","overlay-type":"","overlay-color":"","overlay-opacity":"","overlay-gradient":""},"mobile":{"background-color":"","background-image":"","background-repeat":"repeat","background-position":"center center","background-size":"auto","background-attachment":"scroll","background-type":"","background-media":"","overlay-type":"","overlay-color":"","overlay-opacity":"","overlay-gradient":""}},"ast-content-background-meta":{"desktop":{"background-color":"var(--ast-global-color-5)","background-image":"","background-repeat":"repeat","background-position":"center center","background-size":"auto","background-attachment":"scroll","background-type":"","background-media":"","overlay-type":"","overlay-color":"","overlay-opacity":"","overlay-gradient":""},"tablet":{"background-color":"var(--ast-global-color-5)","background-image":"","background-repeat":"repeat","background-position":"center center","background-size":"auto","background-attachment":"scroll","background-type":"","background-media":"","overlay-type":"","overlay-color":"","overlay-opacity":"","overlay-gradient":""},"mobile":{"background-color":"var(--ast-global-color-5)","background-image":"","background-repeat":"repeat","background-position":"center center","background-size":"auto","background-attachment":"scroll","background-type":"","background-media":"","overlay-type":"","overlay-color":"","overlay-opacity":"","overlay-gradient":""}}},"product_brand":[],"product_cat":[36],"product_tag":[],"class_list":{"0":"post-3147","1":"product","2":"type-product","3":"status-publish","4":"has-post-thumbnail","6":"product_cat-herramientas","7":"desktop-align-left","8":"tablet-align-left","9":"mobile-align-left","11":"first","12":"instock","13":"shipping-taxable","14":"purchasable","15":"product-type-simple"},"_links":{"self":[{"href":"https:\/\/saia.com.ar\/aquaplant\/wp-json\/wp\/v2\/product\/3147","targetHints":{"allow":["GET"]}}],"collection":[{"href":"https:\/\/saia.com.ar\/aquaplant\/wp-json\/wp\/v2\/product"}],"about":[{"href":"https:\/\/saia.com.ar\/aquaplant\/wp-json\/wp\/v2\/types\/product"}],"replies":[{"embeddable":true,"href":"https:\/\/saia.com.ar\/aquaplant\/wp-json\/wp\/v2\/comments?post=3147"}],"wp:featuredmedia":[{"embeddable":true,"href":"https:\/\/saia.com.ar\/aquaplant\/wp-json\/wp\/v2\/media\/3148"}],"wp:attachment":[{"href":"https:\/\/saia.com.ar\/aquaplant\/wp-json\/wp\/v2\/media?parent=3147"}],"wp:term":[{"taxonomy":"product_brand","embeddable":true,"href":"https:\/\/saia.com.ar\/aquaplant\/wp-json\/wp\/v2\/product_brand?post=3147"},{"taxonomy":"product_cat","embeddable":true,"href":"https:\/\/saia.com.ar\/aquaplant\/wp-json\/wp\/v2\/product_cat?post=3147"},{"taxonomy":"product_tag","embeddable":true,"href":"https:\/\/saia.com.ar\/aquaplant\/wp-json\/wp\/v2\/product_tag?post=3147"}],"curies":[{"name":"wp","href":"https:\/\/api.w.org\/{rel}","templated":true}]}}