{"id":3233,"date":"2025-08-08T21:41:54","date_gmt":"2025-08-08T21:41:54","guid":{"rendered":"https:\/\/saia.com.ar\/aquaplant\/?post_type=product&#038;p=3233"},"modified":"2025-08-14T12:27:41","modified_gmt":"2025-08-14T12:27:41","slug":"iluminador-led-aqualumina-omega-full-espectro-60cm-plantados","status":"publish","type":"product","link":"https:\/\/saia.com.ar\/aquaplant\/producto\/iluminador-led-aqualumina-omega-full-espectro-60cm-plantados\/","title":{"rendered":"Iluminador Led Aqualumina Omega Full Espectro 60cm Plantados varios tama\u00f1os de 30 a 150 centimetros, solo por pedido"},"content":{"rendered":"<p>Medidas: 600x36x75 mm<br \/>\nPotencia de l\u00ednea: 42w<br \/>\nTensi\u00f3n de l\u00ednea: 220v.<br \/>\nFrecuencia Hz: 50\/60<br \/>\nFactor de potencia: &gt;0.9<br \/>\nFlujo luminoso: 5400Lm<br \/>\n\u00c1ngulo de apertura: 120\u00ba<br \/>\nTemperatura color: 10500k<br \/>\nCRI: &gt;85<br \/>\nCantidad de flujo real.<br \/>\nFuente Ip65<br \/>\nCuerpo de aluminio anodizado.<\/p>\n<p>Dise\u00f1ados espec\u00edficamente para acuarios plantados, de producci\u00f3n nacional<br \/>\nCuerpo de aluminio anodizado que refrigera el equipo para prolongar su duraci\u00f3n.<br \/>\nTapa difusora de acr\u00edlico para filtrar la menor p\u00e9rdida posible para iluminar el acuario.<br \/>\nEl alto grado de kelvin disponible hacen que sean iluminadores que realmente iluminan el acuario<br \/>\ncon una luz fresca y que al mismo tiempo favorece la coloraci\u00f3n de plantas y peces.<br \/>\nEl equipo no es apto para ser mojado en su interior.<br \/>\nEl producto debe manipularse e instalarse siempre con la alimentaci\u00f3n desconectada.<br \/>\nLimpie peri\u00f3dicamente el acr\u00edlico que cubre los leds.<br \/>\nLa fuente debe permanecer en lugar seco y ventilado.<\/p>\n<p>Iluminadores Led Aqualumina Omega Full Espectro Plantados precio por tama\u00f1os<\/p>\n<p>30 cm = $ 148500<br \/>\n40 cm = $ 165500<br \/>\n50 cm = $ 177500<br \/>\n60 cm = $ 195500<br \/>\n70 cm = $ 215000<br \/>\n80 cm = $ 235500<br \/>\n90 cm = $ 265500<br \/>\n100 cm = $ 285000<br \/>\n120 cm = $ 312500<br \/>\n150 cm = $ 330500<\/p>\n","protected":false},"excerpt":{"rendered":"<p>Dise\u00f1ados espec\u00edficamente para acuarios plantados, de producci\u00f3n nacional.<\/p>\n","protected":false},"featured_media":3234,"comment_status":"open","ping_status":"closed","template":"","meta":{"site-sidebar-layout":"default","site-content-layout":"","ast-site-content-layout":"default","site-content-style":"default","site-sidebar-style":"default","ast-global-header-display":"","ast-banner-title-visibility":"","ast-main-header-display":"","ast-hfb-above-header-display":"","ast-hfb-below-header-display":"","ast-hfb-mobile-header-display":"","site-post-title":"","ast-breadcrumbs-content":"","ast-featured-img":"","footer-sml-layout":"","ast-disable-related-posts":"","theme-transparent-header-meta":"default","adv-header-id-meta":"","stick-header-meta":"","header-above-stick-meta":"","header-main-stick-meta":"","header-below-stick-meta":"","astra-migrate-meta-layouts":"set","ast-page-background-enabled":"default","ast-page-background-meta":{"desktop":{"background-color":"","background-image":"","background-repeat":"repeat","background-position":"center center","background-size":"auto","background-attachment":"scroll","background-type":"","background-media":"","overlay-type":"","overlay-color":"","overlay-opacity":"","overlay-gradient":""},"tablet":{"background-color":"","background-image":"","background-repeat":"repeat","background-position":"center center","background-size":"auto","background-attachment":"scroll","background-type":"","background-media":"","overlay-type":"","overlay-color":"","overlay-opacity":"","overlay-gradient":""},"mobile":{"background-color":"","background-image":"","background-repeat":"repeat","background-position":"center center","background-size":"auto","background-attachment":"scroll","background-type":"","background-media":"","overlay-type":"","overlay-color":"","overlay-opacity":"","overlay-gradient":""}},"ast-content-background-meta":{"desktop":{"background-color":"var(--ast-global-color-5)","background-image":"","background-repeat":"repeat","background-position":"center center","background-size":"auto","background-attachment":"scroll","background-type":"","background-media":"","overlay-type":"","overlay-color":"","overlay-opacity":"","overlay-gradient":""},"tablet":{"background-color":"var(--ast-global-color-5)","background-image":"","background-repeat":"repeat","background-position":"center center","background-size":"auto","background-attachment":"scroll","background-type":"","background-media":"","overlay-type":"","overlay-color":"","overlay-opacity":"","overlay-gradient":""},"mobile":{"background-color":"var(--ast-global-color-5)","background-image":"","background-repeat":"repeat","background-position":"center center","background-size":"auto","background-attachment":"scroll","background-type":"","background-media":"","overlay-type":"","overlay-color":"","overlay-opacity":"","overlay-gradient":""}}},"product_brand":[],"product_cat":[41],"product_tag":[],"class_list":{"0":"post-3233","1":"product","2":"type-product","3":"status-publish","4":"has-post-thumbnail","6":"product_cat-iluminacion","7":"desktop-align-left","8":"tablet-align-left","9":"mobile-align-left","11":"first","12":"instock","13":"sale","14":"shipping-taxable","15":"purchasable","16":"product-type-simple"},"_links":{"self":[{"href":"https:\/\/saia.com.ar\/aquaplant\/wp-json\/wp\/v2\/product\/3233","targetHints":{"allow":["GET"]}}],"collection":[{"href":"https:\/\/saia.com.ar\/aquaplant\/wp-json\/wp\/v2\/product"}],"about":[{"href":"https:\/\/saia.com.ar\/aquaplant\/wp-json\/wp\/v2\/types\/product"}],"replies":[{"embeddable":true,"href":"https:\/\/saia.com.ar\/aquaplant\/wp-json\/wp\/v2\/comments?post=3233"}],"wp:featuredmedia":[{"embeddable":true,"href":"https:\/\/saia.com.ar\/aquaplant\/wp-json\/wp\/v2\/media\/3234"}],"wp:attachment":[{"href":"https:\/\/saia.com.ar\/aquaplant\/wp-json\/wp\/v2\/media?parent=3233"}],"wp:term":[{"taxonomy":"product_brand","embeddable":true,"href":"https:\/\/saia.com.ar\/aquaplant\/wp-json\/wp\/v2\/product_brand?post=3233"},{"taxonomy":"product_cat","embeddable":true,"href":"https:\/\/saia.com.ar\/aquaplant\/wp-json\/wp\/v2\/product_cat?post=3233"},{"taxonomy":"product_tag","embeddable":true,"href":"https:\/\/saia.com.ar\/aquaplant\/wp-json\/wp\/v2\/product_tag?post=3233"}],"curies":[{"name":"wp","href":"https:\/\/api.w.org\/{rel}","templated":true}]}}